{"id":704,"date":"2023-06-17T17:30:23","date_gmt":"2023-06-17T17:30:23","guid":{"rendered":"https:\/\/oac.xtraya.com\/?page_id=704"},"modified":"2023-10-16T16:17:51","modified_gmt":"2023-10-16T16:17:51","slug":"kontakt","status":"publish","type":"page","link":"https:\/\/oac.rs\/en\/kontakt\/","title":{"rendered":"Contact"},"content":{"rendered":"<div id=\"fws_69ff3a0535856\"  data-column-margin=\"default\" data-midnight=\"light\"  class=\"wpb_row vc_row-fluid vc_row full-width-content vc_row-o-equal-height vc_row-flex vc_row-o-content-middle  reverse_columns_desktop reverse_columns_row_tablet reverse_columns_column_phone\"  style=\"padding-top: 0px; padding-bottom: 0px; \"><div class=\"row-bg-wrap\" data-bg-animation=\"none\" data-bg-animation-delay=\"\" data-bg-overlay=\"false\"><div class=\"inner-wrap row-bg-layer\" ><div class=\"row-bg viewport-desktop using-bg-color\"  style=\"background-color: rgba(255,255,255,0.47); \"><\/div><\/div><\/div><div class=\"row_col_wrap_12 col span_12 light left\">\n\t<div style=\"margin-top: 5%; margin-bottom: 5%; \" class=\"vc_col-sm-6 wpb_column column_container vc_column_container col has-animation no-extra-padding inherit_tablet inherit_phone\"  data-padding-pos=\"all\" data-has-bg-color=\"false\" data-bg-color=\"\" data-bg-opacity=\"1\" data-animation=\"grow-in\" data-delay=\"200\" >\n\t\t<div class=\"vc_column-inner\" >\n\t\t\t<div class=\"wpb_wrapper\">\n\t\t\t\t<div id=\"fws_69ff3a0536491\" data-midnight=\"\" data-column-margin=\"default\" class=\"wpb_row vc_row-fluid vc_row inner_row\"  style=\"\"><div class=\"row-bg-wrap\"> <div class=\"row-bg\" ><\/div> <\/div><div class=\"row_col_wrap_12_inner col span_12  left\">\n\t<div  class=\"vc_col-sm-12 vc_hidden-xs wpb_column column_container vc_column_container col child_column no-extra-padding inherit_tablet inherit_phone\"   data-padding-pos=\"all\" data-has-bg-color=\"false\" data-bg-color=\"\" data-bg-opacity=\"1\" data-animation=\"\" data-delay=\"0\" >\n\t\t<div class=\"vc_column-inner\" >\n\t\t<div class=\"wpb_wrapper\">\n\t\t\t<div id=\"map_69ff3a0536c36\" style=\"height: 750px;\" class=\"nectar-leaflet-map\" data-infowindow-start-open=\"\" data-dark-color-scheme=\"\" data-marker-style=\"nectar\" data-nectar-marker-color=\"extra-color-1\" data-ultra-flat=\"\" data-greyscale=\"\" data-extra-color=\"\" data-enable-animation=\"false\" data-enable-zoom=\"\" data-zoom-level=\"14\" data-center-lat=\"44.814290\" data-center-lng=\"20.473970\" data-marker-img=\"https:\/\/oac.rs\/wp-content\/uploads\/2023\/06\/logo-transparent.png\"><\/div><div class=\"map_69ff3a0536c36 map-marker-list\"><div class=\"map-marker\" data-marker-image-width=\"40\" data-marker-image-height=\"50\" data-lat=\"44.814290\" data-lng=\"20.473970\" data-mapinfo=\"Our Location\"><\/div><\/div>\n\t\t<\/div> \n\t<\/div>\n\t<\/div> \n<\/div><\/div><div id=\"fws_69ff3a05373e3\" data-midnight=\"\" data-column-margin=\"default\" class=\"wpb_row vc_row-fluid vc_row inner_row\"  style=\"\"><div class=\"row-bg-wrap\"> <div class=\"row-bg\" ><\/div> <\/div><div class=\"row_col_wrap_12_inner col span_12  left\">\n\t<div  class=\"vc_col-sm-12 vc_hidden-lg vc_hidden-md vc_hidden-sm wpb_column column_container vc_column_container col child_column no-extra-padding inherit_tablet inherit_phone\"   data-padding-pos=\"all\" data-has-bg-color=\"false\" data-bg-color=\"\" data-bg-opacity=\"1\" data-animation=\"\" data-delay=\"0\" >\n\t\t<div class=\"vc_column-inner\" >\n\t\t<div class=\"wpb_wrapper\">\n\t\t\t<div id=\"map_69ff3a05377a7\" style=\"height: 400px;\" class=\"nectar-leaflet-map\" data-infowindow-start-open=\"\" data-dark-color-scheme=\"\" data-marker-style=\"nectar\" data-nectar-marker-color=\"extra-color-1\" data-ultra-flat=\"\" data-greyscale=\"\" data-extra-color=\"\" data-enable-animation=\"false\" data-enable-zoom=\"\" data-zoom-level=\"14\" data-center-lat=\"44.814290\" data-center-lng=\"20.473970\" data-marker-img=\"\"><\/div><div class=\"map_69ff3a05377a7 map-marker-list\"><div class=\"map-marker\" data-marker-image-width=\"50\" data-marker-image-height=\"50\" data-lat=\"44.814290\" data-lng=\"20.473970\" data-mapinfo=\"Our Location\"><\/div><\/div>\n\t\t<\/div> \n\t<\/div>\n\t<\/div> \n<\/div><\/div>\n\t\t\t<\/div> \n\t\t<\/div>\n\t<\/div> \n\n\t<div style=\" color: #000000;\" class=\"vc_col-sm-6 wpb_column column_container vc_column_container col has-animation padding-8-percent inherit_tablet inherit_phone\" data-cfc=\"true\"  data-padding-pos=\"all\" data-has-bg-color=\"false\" data-bg-color=\"\" data-bg-opacity=\"0.5\" data-animation=\"grow-in\" data-delay=\"300\" >\n\t\t<div class=\"vc_column-inner\" >\n\t\t\t<div class=\"wpb_wrapper\">\n\t\t\t\t<div id=\"fws_69ff3a0537c56\" data-midnight=\"\" data-column-margin=\"default\" class=\"wpb_row vc_row-fluid vc_row inner_row  top_padding_phone_20pct bottom_padding_phone_10pct\"  style=\"padding-bottom: 5%; \"><div class=\"row-bg-wrap\"> <div class=\"row-bg\" ><\/div> <\/div><div class=\"row_col_wrap_12_inner col span_12  left\">\n\t<div  class=\"vc_col-sm-12 wpb_column column_container vc_column_container col child_column no-extra-padding inherit_tablet inherit_phone\"   data-padding-pos=\"all\" data-has-bg-color=\"false\" data-bg-color=\"\" data-bg-opacity=\"1\" data-animation=\"\" data-delay=\"0\" >\n\t\t<div class=\"vc_column-inner\" >\n\t\t<div class=\"wpb_wrapper\">\n\t\t\t<div class=\"nectar-split-heading  font_size_3vw font_size_tablet_40px font_size_phone_45px\" data-align=\"default\" data-m-align=\"inherit\" data-text-effect=\"default\" data-animation-type=\"line-reveal-by-space\" data-animation-delay=\"0\" data-animation-offset=\"\" data-m-rm-animation=\"\" data-stagger=\"\" data-custom-font-size=\"true\" style=\"font-size: 3vw; line-height: 3.3vw;\"><h1 style=\" color: #000000;\">Kontaktirajte nas<\/h1><\/div>\n\t\t<\/div> \n\t<\/div>\n\t<\/div> \n<\/div><\/div>\n<div class=\"wpb_text_column wpb_content_element\" >\n\t<div class=\"wpb_wrapper\">\n\t\t<p>Thank you for visiting our website. If you have any questions, comments or would like to share your thoughts with us, please feel free to contact us.<\/p>\n<p>Our team will try to answer you as soon as possible.<\/p>\n<p>Address: Takovska 38\/40, 11000 Belgrade, Serbia<\/p>\n<p>Phone 1: +381(0)11415 6184<br \/>\nPhone 2: +381(0)11415 6180<\/p>\n<p>Mobile 1: +381648853977<br \/>\nMobile 2: +381648853970<\/p>\n<p>E-mail:\u00a0procene@oac.rs<\/p>\n<p>Tax ID: 104158048<br \/>\nIdentity number: 20105895<\/p>\n<p>You can contact us by phone or e-mail.<\/p>\n\t<\/div>\n<\/div>\n\n\n\n\n\t\t\t<\/div> \n\t\t<\/div>\n\t<\/div> \n<\/div><\/div>","protected":false},"excerpt":{"rendered":"Kontaktirajte nas Hvala vam \u0161to ste posetili na\u0161u web stranicu. Ako imate bilo kakva pitanja, komentare ili \u017eelite da podelite svoje mi\u0161ljenje sa nama, slobodno nas kontaktirajte. Na\u0161 tim \u0107e...","protected":false},"author":2,"featured_media":0,"parent":0,"menu_order":0,"comment_status":"closed","ping_status":"closed","template":"","meta":{"footnotes":""},"class_list":["post-704","page","type-page","status-publish"],"_links":{"self":[{"href":"https:\/\/oac.rs\/en\/wp-json\/wp\/v2\/pages\/704","targetHints":{"allow":["GET"]}}],"collection":[{"href":"https:\/\/oac.rs\/en\/wp-json\/wp\/v2\/pages"}],"about":[{"href":"https:\/\/oac.rs\/en\/wp-json\/wp\/v2\/types\/page"}],"author":[{"embeddable":true,"href":"https:\/\/oac.rs\/en\/wp-json\/wp\/v2\/users\/2"}],"replies":[{"embeddable":true,"href":"https:\/\/oac.rs\/en\/wp-json\/wp\/v2\/comments?post=704"}],"version-history":[{"count":50,"href":"https:\/\/oac.rs\/en\/wp-json\/wp\/v2\/pages\/704\/revisions"}],"predecessor-version":[{"id":1148,"href":"https:\/\/oac.rs\/en\/wp-json\/wp\/v2\/pages\/704\/revisions\/1148"}],"wp:attachment":[{"href":"https:\/\/oac.rs\/en\/wp-json\/wp\/v2\/media?parent=704"}],"curies":[{"name":"wp","href":"https:\/\/api.w.org\/{rel}","templated":true}]}}