{"id":6,"date":"2021-11-14T01:42:25","date_gmt":"2021-11-14T01:42:25","guid":{"rendered":"https:\/\/themenectar.com\/salient\/architect\/?page_id=6"},"modified":"2025-10-27T23:04:04","modified_gmt":"2025-10-27T23:04:04","slug":"salient-architect-about","status":"publish","type":"page","link":"https:\/\/oac.rs\/en\/salient-architect-about\/","title":{"rendered":"About us"},"content":{"rendered":"<div id=\"fws_69ff36fd45e57\"  data-column-margin=\"default\" data-midnight=\"light\" data-top-percent=\"15%\" data-bottom-percent=\"13%\"  class=\"wpb_row vc_row-fluid vc_row full-width-section vc_row-o-equal-height vc_row-flex vc_row-o-content-bottom  top_padding_phone_40pct bottom_padding_phone_40pct\"  style=\"padding-top: calc(100vw * 0.15); padding-bottom: calc(100vw * 0.13); \"><div class=\"row-bg-wrap\" data-bg-animation=\"fade-in\" data-bg-animation-delay=\"\" data-bg-overlay=\"true\"><div class=\"inner-wrap row-bg-layer using-image\" style=\"background-color: #d1d1ca;\" ><div class=\"row-bg viewport-desktop using-image using-bg-color\"  style=\"background-image: url(https:\/\/oac.rs\/wp-content\/uploads\/2023\/08\/about.jpg); background-position: center top; background-repeat: no-repeat; background-color: #d1d1ca; \"><\/div><\/div><div class=\"row-bg-overlay row-bg-layer\" style=\"background-color:rgba(0,0,0,0.78);  opacity: 0.8; \"><\/div><\/div><div class=\"row_col_wrap_12 col span_12 light left\">\n\t<div  class=\"vc_col-sm-6 wpb_column column_container vc_column_container col no-extra-padding inherit_tablet inherit_phone\"  data-padding-pos=\"all\" data-has-bg-color=\"false\" data-bg-color=\"\" data-bg-opacity=\"1\" data-animation=\"\" data-delay=\"0\" >\n\t\t<div class=\"vc_column-inner\" >\n\t\t\t<div class=\"wpb_wrapper\">\n\t\t\t\t<div id=\"fws_69ff36fd469dd\" data-midnight=\"\" data-column-margin=\"default\" class=\"wpb_row vc_row-fluid vc_row inner_row\"  style=\"\"><div class=\"row-bg-wrap\"> <div class=\"row-bg\" ><\/div> <\/div><div class=\"row_col_wrap_12_inner col span_12  left\">\n\t<div  class=\"vc_col-sm-12 wpb_column column_container vc_column_container col child_column no-extra-padding inherit_tablet inherit_phone\"   data-padding-pos=\"all\" data-has-bg-color=\"false\" data-bg-color=\"\" data-bg-opacity=\"1\" data-animation=\"\" data-delay=\"0\" >\n\t\t<div class=\"vc_column-inner\" >\n\t\t<div class=\"wpb_wrapper\">\n\t\t\t<div class=\"nectar-split-heading  font_size_5vw font_size_phone_55px\" data-align=\"default\" data-m-align=\"inherit\" data-text-effect=\"default\" data-animation-type=\"line-reveal-by-space\" data-animation-delay=\"0\" data-animation-offset=\"\" data-m-rm-animation=\"\" data-stagger=\"\" data-custom-font-size=\"true\" style=\"font-size: 5vw; line-height: 5.5vw;\"><h1 >About us<\/h1><\/div>\n\t\t<\/div> \n\t<\/div>\n\t<\/div> \n<\/div><\/div>\n\t\t\t<\/div> \n\t\t<\/div>\n\t<\/div> \n\n\t<div  class=\"vc_col-sm-6 wpb_column column_container vc_column_container col no-extra-padding inherit_tablet inherit_phone\"  data-padding-pos=\"all\" data-has-bg-color=\"false\" data-bg-color=\"\" data-bg-opacity=\"1\" data-animation=\"\" data-delay=\"0\" >\n\t\t<div class=\"vc_column-inner\" >\n\t\t\t<div class=\"wpb_wrapper\">\n\t\t\t\t\n\t\t\t<\/div> \n\t\t<\/div>\n\t<\/div> \n<\/div><\/div>\n\t\t<div id=\"beliefs\"  data-column-margin=\"default\" data-midnight=\"dark\" data-top-percent=\"5%\"  class=\"wpb_row vc_row-fluid vc_row full-width-section  zindex-set\"  style=\"padding-top: calc(100vw * 0.05); padding-bottom: 0px;  z-index: 100;\"><div class=\"row-bg-wrap\" data-bg-animation=\"none\" data-bg-animation-delay=\"\" data-bg-overlay=\"false\"><div class=\"inner-wrap row-bg-layer\" ><div class=\"row-bg viewport-desktop\"  style=\"\"><\/div><\/div><\/div><div class=\"row_col_wrap_12 col span_12 dark left\">\n\t<div  class=\"vc_col-sm-12 wpb_column column_container vc_column_container col no-extra-padding inherit_tablet inherit_phone\"  data-padding-pos=\"all\" data-has-bg-color=\"false\" data-bg-color=\"\" data-bg-opacity=\"1\" data-animation=\"\" data-delay=\"0\" >\n\t\t<div class=\"vc_column-inner\" >\n\t\t\t<div class=\"wpb_wrapper\">\n\t\t\t\t<div id=\"fws_69ff36fd47a6d\" data-midnight=\"\" data-column-margin=\"default\" class=\"wpb_row vc_row-fluid vc_row inner_row  min_width_desktop_60vh top_padding_tablet_40px min_width_tablet_50vw min_width_phone_50vw\"  style=\"\"><div class=\"row-bg-wrap\"> <div class=\"row-bg\" ><\/div> <\/div><div class=\"row_col_wrap_12_inner col span_12  left\">\n\t<div  class=\"vc_col-sm-12 wpb_column column_container vc_column_container col child_column no-extra-padding inherit_tablet inherit_phone\"   data-padding-pos=\"all\" data-has-bg-color=\"false\" data-bg-color=\"\" data-bg-opacity=\"1\" data-animation=\"\" data-delay=\"0\" >\n\t\t<div class=\"vc_column-inner\" >\n\t\t<div class=\"wpb_wrapper\">\n\t\t\t<div class=\"nectar-split-heading  font_size_3vw font_size_phone_35px\" data-align=\"default\" data-m-align=\"inherit\" data-text-effect=\"default\" data-animation-type=\"line-reveal-by-space\" data-animation-delay=\"0\" data-animation-offset=\"\" data-m-rm-animation=\"\" data-stagger=\"\" data-custom-font-size=\"true\" style=\"font-size: 3vw; line-height: 3.3vw;\"><h2 >Na\u0161 tim<\/h2><\/div>\n\t\t<\/div> \n\t<\/div>\n\t<\/div> \n<\/div><\/div><div id=\"fws_69ff36fd47ff2\" data-midnight=\"\" data-column-margin=\"90px\" class=\"wpb_row vc_row-fluid vc_row inner_row\"  style=\"padding-bottom: 5%; \"><div class=\"row-bg-wrap\"> <div class=\"row-bg\" ><\/div> <\/div><div class=\"row_col_wrap_12_inner col span_12  left\">\n\t<div  class=\"vc_col-sm-12 wpb_column column_container vc_column_container col child_column no-extra-padding inherit_tablet inherit_phone\"   data-padding-pos=\"right\" data-has-bg-color=\"false\" data-bg-color=\"\" data-bg-opacity=\"1\" data-animation=\"\" data-delay=\"0\" >\n\t\t<div class=\"vc_column-inner\" >\n\t\t<div class=\"wpb_wrapper\">\n\t\t\t\n<div class=\"wpb_text_column wpb_content_element\" >\n\t<div class=\"wpb_wrapper\">\n\t\t<p>One key aspect of our business is that, in addition to our team of experts based in our office in Belgrade (in-house team), we also have a network of external collaborators spread throughout Serbia, which complements our services and expertise with local experience and knowledge, and for whose business we of course assume full responsibility, ensuring this through rigid business procedures.<\/p>\n\t<\/div>\n<\/div>\n\n\n\n\n<div class=\"wpb_text_column wpb_content_element\" >\n\t<div class=\"wpb_wrapper\">\n\t\t<p>We have the largest network of collaborators in the domestic market, consisting of 15 experts from various fields, all adequately educated and licensed for the services we provide. Some collaborators specialize in property valuation, while others focus on lender\u2019s supervision, and there are those who are experts in both areas.<\/p>\n\t<\/div>\n<\/div>\n\n\n\n\n<div class=\"wpb_text_column wpb_content_element\" >\n\t<div class=\"wpb_wrapper\">\n\t\t<p>Our \"in-house\" team consists of highly educated engineers and economists, licensed appraisers. One of our team members holds an RICS RV license. All appraisals and related services are conducted in accordance with National, IVS, and RICS standards.<\/p>\n\t<\/div>\n<\/div>\n\n\n\n\n<div class=\"wpb_text_column wpb_content_element\" >\n\t<div class=\"wpb_wrapper\">\n\t\t<p>Through our network of collaborators, OAC Property Services covers the entire territory of the Republic of Serbia. With local experience and market knowledge, we provide a higher quality and faster service regardless of where the property is in Serbia.<\/p>\n\t<\/div>\n<\/div>\n\n\n\n\n\t\t<\/div> \n\t<\/div>\n\t<\/div> \n<\/div><\/div>\n\t\t\t<\/div> \n\t\t<\/div>\n\t<\/div> \n<\/div><\/div>\n\t\t<div id=\"fws_69ff36fd489ef\"  data-column-margin=\"default\" data-midnight=\"dark\" data-top-percent=\"3%\" data-bottom-percent=\"5%\"  class=\"wpb_row vc_row-fluid vc_row full-width-section\"  style=\"padding-top: calc(100vw * 0.03); padding-bottom: calc(100vw * 0.05); \"><div class=\"row-bg-wrap\" data-bg-animation=\"none\" data-bg-animation-delay=\"\" data-bg-overlay=\"false\"><div class=\"inner-wrap row-bg-layer\" ><div class=\"row-bg viewport-desktop\"  style=\"\"><\/div><\/div><\/div><div class=\"row_col_wrap_12 col span_12 dark left\">\n\t<div  class=\"vc_col-sm-12 wpb_column column_container vc_column_container col no-extra-padding inherit_tablet inherit_phone\"  data-padding-pos=\"all\" data-has-bg-color=\"false\" data-bg-color=\"\" data-bg-opacity=\"1\" data-animation=\"\" data-delay=\"0\" >\n\t\t<div class=\"vc_column-inner\" >\n\t\t\t<div class=\"wpb_wrapper\">\n\t\t\t\t<div class=\"owl-carousel\" data-enable-animation=\"\" data-loop=\"false\"  data-animation-delay=\"0\" data-autorotate=\"true\" data-autorotation-speed=\"6000\" data-column-padding=\"40px\" data-desktop-cols=\"2\" data-desktop-small-cols=\"2\" data-tablet-cols=\"2\" data-mobile-cols=\"1\"><div class=\"carousel-item\"><div class=\"team-member\" data-style=\"meta_below\"><img decoding=\"async\" alt=\"\" src=\"https:\/\/oac.rs\/wp-content\/uploads\/2023\/08\/1.jpg\" title=\"Aleksandar Stojiljkovi\u0107\" \/><h4 class=\"light\">Aleksandar Stojiljkovi\u0107<\/h4><div class=\"position\">General manager<\/div><p class=\"description\">Before joining the company, he worked for many years in the construction industry as a construction manager and project manager on several buildings in Belgrade and Zlatibor. He joined the company in 2006, and since 2008 he has held the position of Head of the Appraisal department. Since the middle of 2019, he has been the general director of the company. He is a registered RICS appraiser and a licensed appraiser in Serbia. Active from the very beginning and one of the founders of the Association of Appraisers of Serbia, first as a member of the expert committee and lecturer, later as the president of the association in two terms and currently as the board member.<\/p><\/div><\/div><div class=\"carousel-item\"><div class=\"team-member\" data-style=\"meta_below\"><img decoding=\"async\" alt=\"\" src=\"https:\/\/oac.rs\/wp-content\/uploads\/2023\/08\/6.jpg\" title=\"Ivica Cvetanovi\u0107\" \/><h4 class=\"light\">Ivica Cvetanovi\u0107<\/h4><div class=\"position\">Head of Appraisal<\/div><p class=\"description\">He started his professional career in 2000 as a construction manager and later as a construction director on a number of commercial and residential buildings in the country. Engaged in the company since 2008, first in the positions of appraiser, reviewer of appraisals and team manager for lender\u2019s supervision of buildings under construction, and since 2019 in the position of head of the appraisal department. He is a licensed appraiser in Serbia, and he also holds a license as an court expert in civil engineering. Also active in the Society of Appraisers of Serbia as the member of the disciplinary committee.<\/p><\/div><\/div><div class=\"carousel-item\"><div class=\"team-member\" data-style=\"meta_below\"><img decoding=\"async\" alt=\"\" src=\"https:\/\/oac.rs\/wp-content\/uploads\/2025\/10\/dusan3.jpg\" title=\"Du\u0161an Stanojevi\u0107\" \/><h4 class=\"light\">Du\u0161an Stanojevi\u0107<\/h4><div class=\"position\">Senior Appraiser<\/div><p class=\"description\">U kompaniju do\u0161ao nakon zavr\u0161enog arhitektonskog fakulteta 2012. godine. Pro\u0161ao je put od procenitelja pripravnika pa do pozicije glavnog procenitelja i rukovodioca tima za super nadzor objekata u izgradnji od sredine 2019. godine. Du\u0161an poseduje opse\u017eno iskustvo u proceni vrednosti nepokretnosti kao i reviziji izve\u0161taja kolega spoljnih saradnika, a posebno u identifikaciji nepokretnosti i pravno tehni\u010dkom aspektu nekretnina u doma\u0107em zakonodavstvu.<\/p><\/div><\/div><div class=\"carousel-item\"><div class=\"team-member\" data-style=\"meta_below\"><img decoding=\"async\" alt=\"\" src=\"https:\/\/oac.rs\/wp-content\/uploads\/2023\/08\/7.jpg\" title=\"Jovan Milin\" \/><h4 class=\"light\">Jovan Milin<\/h4><div class=\"position\">Appraiser<\/div><p class=\"description\">He started his career in 1999 as a technical person on the construction site and construction supervision assistant. After a number of years working on the construction of buildings in the country, he joined the company in 2006 as an external associate\/trainee, where he gained the necessary experience in real estate valuations. Since 2018, he has had an appraiser's license in Serbia, and since mid-2019 he has been a member of the company's \"in-house\" team of appraisers. He has extensive experience in commercial real estate valuations, especially industrial and specialized real estate, as well as in the identification of the most complex real estate.<\/p><\/div><\/div><div class=\"carousel-item\"><div class=\"team-member\" data-style=\"meta_below\"><img decoding=\"async\" alt=\"\" src=\"https:\/\/oac.rs\/wp-content\/uploads\/2023\/08\/5-1.jpg\" title=\"Nemanja Crn\u010devi\u0107\" \/><h4 class=\"light\">Nemanja Crn\u010devi\u0107<\/h4><div class=\"position\">Chief Technical administrator<\/div><p class=\"description\">He has been with the company since its foundation in 2005. He first held the position of technical administrator and later progressed to the position of chief technical administrator. In addition to administering the regular work of the evaluation department and the organization of external collaborators, he is also responsible for the development and implementation of software solutions in the company's operations.<\/p><\/div><\/div><div class=\"carousel-item\"><div class=\"team-member\" data-style=\"meta_below\"><img decoding=\"async\" alt=\"\" src=\"https:\/\/oac.rs\/wp-content\/uploads\/2023\/08\/5.jpg\" title=\"Radmila \u010cemerli\u0107\" \/><h4 class=\"light\">Radmila \u010cemerli\u0107<\/h4><div class=\"position\">Technical Administrator<\/div><p class=\"description\">In the company since 2007, in the position of assistant in the agency department, after which she moved to the appraisal department in 2011, where she works as a technical administrator, until today. Radmila is especially responsible for organizing the work of external collaborators as well as for communication with clients.<\/p><\/div><\/div><div class=\"carousel-item\"><div class=\"team-member\" data-style=\"meta_below\"><img decoding=\"async\" alt=\"\" src=\"https:\/\/oac.rs\/wp-content\/uploads\/2023\/08\/8.jpg\" title=\"Aleksandar \u0160ikanja\" \/><h4 class=\"light\">Aleksandar \u0160ikanja<\/h4><div class=\"position\">Appraiser without a license<\/div><p class=\"description\">He joined the company after graduating from the Faculty of Transportation at the end of 2020 and has been dealing with real estate valuations since the beginning. For the first 6 months, he worked as a technical administrator to gradually progress through the identification of real estate and the preparation of part of the report up to the trainee appraiser.<\/p><\/div><\/div><div class=\"carousel-item\"><div class=\"team-member\" data-style=\"meta_below\"><img decoding=\"async\" alt=\"\" src=\"https:\/\/oac.rs\/wp-content\/uploads\/2023\/08\/9.jpg\" title=\"Vanja Stefanovi\u0107\" \/><h4 class=\"light\">Vanja Stefanovi\u0107<\/h4><div class=\"position\">Appraiser without a license<\/div><p class=\"description\">He will join the company at the end of 2021, after completing the high school of vocational studies in Belgrade and short-term experience and practice in the profession. From the very beginning, he has been involved in real estate valuations, first as a technical person for identifying real estate and preparing part of the report, and then progressing to the current position of appraiser trainee (appraiser without a license).<\/p><\/div><\/div><div class=\"carousel-item\"><div class=\"team-member\" data-style=\"meta_below\"><img decoding=\"async\" alt=\"\" src=\"https:\/\/oac.rs\/wp-content\/uploads\/2025\/10\/ivan.jpg\" title=\"Ivan Miljakovi\u0107\" \/><h4 class=\"light\">Ivan Miljakovi\u0107<\/h4><div class=\"position\">Appraiser without a license<\/div><p class=\"description\">He will join the company at the end of 2021, after completing the high school of vocational studies in Belgrade and short-term experience and practice in the profession. From the very beginning, he has been involved in real estate valuations, first as a technical person for identifying real estate and preparing part of the report, and then progressing to the current position of appraiser trainee (appraiser without a license).<\/p><\/div><\/div><\/div>\n\t\t\t<\/div> \n\t\t<\/div>\n\t<\/div> \n<\/div><\/div>","protected":false},"excerpt":{"rendered":"O nama Na\u0161 tim Osnovna karakteristika na\u0161eg poslovanja je da pored tima stru\u010dnjaka koji su stacionirani u na\u0161oj kancelariji u Beogradu (\u201ein house\u201c tim), imamo i mre\u017eu spoljnih saradnika raspore\u0111enih...","protected":false},"author":2,"featured_media":0,"parent":0,"menu_order":0,"comment_status":"closed","ping_status":"closed","template":"","meta":{"footnotes":""},"class_list":["post-6","page","type-page","status-publish"],"_links":{"self":[{"href":"https:\/\/oac.rs\/en\/wp-json\/wp\/v2\/pages\/6","targetHints":{"allow":["GET"]}}],"collection":[{"href":"https:\/\/oac.rs\/en\/wp-json\/wp\/v2\/pages"}],"about":[{"href":"https:\/\/oac.rs\/en\/wp-json\/wp\/v2\/types\/page"}],"author":[{"embeddable":true,"href":"https:\/\/oac.rs\/en\/wp-json\/wp\/v2\/users\/2"}],"replies":[{"embeddable":true,"href":"https:\/\/oac.rs\/en\/wp-json\/wp\/v2\/comments?post=6"}],"version-history":[{"count":161,"href":"https:\/\/oac.rs\/en\/wp-json\/wp\/v2\/pages\/6\/revisions"}],"predecessor-version":[{"id":1232,"href":"https:\/\/oac.rs\/en\/wp-json\/wp\/v2\/pages\/6\/revisions\/1232"}],"wp:attachment":[{"href":"https:\/\/oac.rs\/en\/wp-json\/wp\/v2\/media?parent=6"}],"curies":[{"name":"wp","href":"https:\/\/api.w.org\/{rel}","templated":true}]}}